{"id":187,"date":"2025-07-22T19:44:50","date_gmt":"2025-07-22T17:44:50","guid":{"rendered":"https:\/\/mariuszwodzienstudio.pl\/?page_id=187"},"modified":"2025-07-25T19:50:37","modified_gmt":"2025-07-25T17:50:37","slug":"187-2","status":"publish","type":"page","link":"https:\/\/mariuszwodzienstudio.pl\/en\/","title":{"rendered":"Homepage new"},"content":{"rendered":"<style>#gspb_iconBox-id-gsbp-231e63c svg{width:72px;fill:currentColor!important;margin:0!important}#gspb_iconBox-id-gsbp-231e63c{justify-content:center;display:flex}#gspb_iconBox-id-gsbp-231e63c svg path,#gspb_iconBox-id-gsbp-231e63c svg:hover,#gspb_iconBox-id-gsbp-231e63c svg:hover path{fill:currentColor!important}<\/style><style>#gspb_iconBox-id-gsbp-231e63c svg{width:72px;fill:currentColor!important;margin:0!important}#gspb_iconBox-id-gsbp-231e63c{justify-content:center;display:flex}#gspb_iconBox-id-gsbp-231e63c svg path,#gspb_iconBox-id-gsbp-231e63c svg:hover,#gspb_iconBox-id-gsbp-231e63c svg:hover path{fill:currentColor!important}<\/style>\n<div class=\"wp-block-group has-center-bottom-gradient-gradient-background has-background is-horizontal is-content-justification-center is-nowrap is-layout-flex wp-container-core-group-is-layout-50ac1693 wp-block-group-is-layout-flex\" style=\"margin-top:0;margin-bottom:0;padding-top:3rem;padding-right:var(--wp--preset--spacing--40);padding-bottom:7rem;padding-left:var(--wp--preset--spacing--40)\">\n<div class=\"wp-block-group is-content-justification-left is-nowrap is-layout-flex wp-container-core-group-is-layout-174ca0a5 wp-block-group-is-layout-flex\"><div class=\"wp-block-site-logo wp-duotone-unset-1\"><a href=\"https:\/\/mariuszwodzienstudio.pl\/en\/\" class=\"custom-logo-link\" rel=\"home\"><img loading=\"lazy\" decoding=\"async\" width=\"40\" height=\"40\" src=\"https:\/\/mariuszwodzienstudio.pl\/wp-content\/uploads\/2025\/06\/ext-custom-logo-1749584377534.webp\" class=\"custom-logo\" alt=\"Mariusz Wodzie\u0144 Studio\" srcset=\"https:\/\/mariuszwodzienstudio.pl\/wp-content\/uploads\/2025\/06\/ext-custom-logo-1749584377534.webp 256w, https:\/\/mariuszwodzienstudio.pl\/wp-content\/uploads\/2025\/06\/ext-custom-logo-1749584377534-150x150.webp 150w\" sizes=\"auto, (max-width: 40px) 100vw, 40px\" \/><\/a><\/div>\n\n<h1 style=\"font-size:clamp(17.905px, 1.119rem + ((1vw - 3.2px) * 0.616), 28px);font-style:normal;font-weight:500;line-height:1;text-transform:none;letter-spacing:0px; margin-top:0px;\" class=\"has-text-align-left has-link-color wp-elements-0033c13cec1ffb15e02aa13611315662 wp-block-site-title\"><a href=\"https:\/\/mariuszwodzienstudio.pl\/en\" target=\"_self\" rel=\"home\">Mariusz Wodzie\u0144 Studio<\/a><\/h1>\n\n<style>#gspb_iconBox-id-gsbp-ed75605 svg{width:72px;}#gspb_iconBox-id-gsbp-ed75605{align-items:center;justify-content:center;display:flex;}#gspb_iconBox-id-gsbp-ed75605 svg{height:100%!important;width:100%!important;min-width:100%!important;}@media (max-width:991.98px){#gspb_iconBox-id-gsbp-ed75605 svg{height:60px!important;width:60px!important;min-width:60px!important;}}@media (max-width:767.98px){#gspb_iconBox-id-gsbp-ed75605 svg{height:40px!important;width:40px!important;min-width:40px!important;}}#gspb_iconBox-id-gsbp-ed75605 svg,#gspb_iconBox-id-gsbp-ed75605 svg path{fill:currentColor !important;}#gspb_iconBox-id-gsbp-ed75605 svg{margin:0px !important;}#gspb_iconBox-id-gsbp-ed75605 svg:hover,#gspb_iconBox-id-gsbp-ed75605 svg:hover path{fill:currentColor !important;}#gspb_iconBox-id-gsbp-ed75605 .gspb_iconBox__wrapper{margin-top:%;margin-right:%;margin-bottom:%;margin-left:10%;}#gspb_iconBox-id-gsbp-ed75605 .gspb_iconBox__wrapper{transition-duration:5.1s;}#gspb_iconBox-id-gsbp-ed75605 .gspb_iconBox__wrapper{transition-timing-function:ease-in-out;}#gspb_iconBox-id-gsbp-ed75605 .gspb_iconBox__wrapper{opacity:var(--gs-root-animation-opacity,0);display:none;transition-property:opacity,transform,filter,display;transition-behavior:allow-discrete;}#gspb_iconBox-id-gsbp-ed75605 .gspb_iconBox__wrapper.aos-animate,#gspb_iconBox-id-gsbp-ed75605 .gspb_iconBox__wrapper[data-gs-aos]{opacity:1;transform:translateZ(0);display:block;}@starting-style{#gspb_iconBox-id-gsbp-ed75605 .gspb_iconBox__wrapper.aos-animate,#gspb_iconBox-id-gsbp-ed75605 .gspb_iconBox__wrapper[data-gs-aos]{opacity:var(--gs-root-animation-opacity,0);}}<\/style>\n<div class=\"wp-block-greenshift-blocks-iconbox gspb_iconBox gspb_iconBox-id-gsbp-ed75605\" id=\"gspb_iconBox-id-gsbp-ed75605\"><div class=\"gspb_iconBox__wrapper\" style=\"display:inline-flex\" data-aos=\"display-in\" data-aos-easing=\"ease-in-out\" data-aos-duration=\"5100\"><svg class=\"\" style=\"display:inline-block;vertical-align:middle\" width=\"72\" height=\"72\" viewbox=\"0 0 1152 1024\" xmlns=\"http:\/\/www.w3.org\/2000\/svg\"><path style=\"fill:#565D66\" d=\"M1087.8 192c-12.4 0-25 3.6-36.4 11.4l-219.4 136.8v-116.6c0-52.8-46.4-95.6-103.6-95.6h-624.8c-57.2 0-103.6 42.8-103.6 95.6v576.8c0 52.8 46.4 95.6 103.6 95.6h624.8c57.2 0 103.6-42.8 103.6-95.6v-116.6l219.4 136.6c11.4 8 24.2 11.4 36.4 11.4 33.2 0 64.2-26 64.2-63v-513.8c-0-37-31-63-64.2-63zM736 400v397.8c-1.2 0.8-3.6 2.2-7.6 2.2h-624.8c-4 0-6.4-1.2-7.6-2.2v-571.6c1.2-0.8 3.6-2.2 7.6-2.2h624.8c4 0 6.4 1.2 7.6 2.2v173.8zM1056 710.4l-224-139.6v-117.4l224-139.6v396.6z\"><\/path><\/svg><\/div><\/div>\n<\/div>\n\n\n<nav class=\"is-responsive items-justified-right wp-block-navigation is-content-justification-right is-layout-flex wp-container-core-navigation-is-layout-d445cf74 wp-block-navigation-is-layout-flex\" aria-label=\"Header navigation\" \n\t\t data-wp-interactive=\"core\/navigation\" data-wp-context='{\"overlayOpenedBy\":{\"click\":false,\"hover\":false,\"focus\":false},\"type\":\"overlay\",\"roleAttribute\":\"\",\"ariaLabel\":\"Menu\"}'><button aria-haspopup=\"dialog\" aria-label=\"Open menu\" class=\"wp-block-navigation__responsive-container-open\" \n\t\t\t\tdata-wp-on--click=\"actions.openMenuOnClick\"\n\t\t\t\tdata-wp-on--keydown=\"actions.handleMenuKeydown\"\n\t\t\t><svg width=\"24\" height=\"24\" xmlns=\"http:\/\/www.w3.org\/2000\/svg\" viewbox=\"0 0 24 24\" aria-hidden=\"true\" focusable=\"false\"><path d=\"M4 7.5h16v1.5H4z\"><\/path><path d=\"M4 15h16v1.5H4z\"><\/path><\/svg><\/button>\n\t\t\t\t<div class=\"wp-block-navigation__responsive-container\"  id=\"modal-2\" \n\t\t\t\tdata-wp-class--has-modal-open=\"state.isMenuOpen\"\n\t\t\t\tdata-wp-class--is-menu-open=\"state.isMenuOpen\"\n\t\t\t\tdata-wp-watch=\"callbacks.initMenu\"\n\t\t\t\tdata-wp-on--keydown=\"actions.handleMenuKeydown\"\n\t\t\t\tdata-wp-on--focusout=\"actions.handleMenuFocusout\"\n\t\t\t\ttabindex=\"-1\"\n\t\t\t>\n\t\t\t\t\t<div class=\"wp-block-navigation__responsive-close\" tabindex=\"-1\">\n\t\t\t\t\t\t<div class=\"wp-block-navigation__responsive-dialog\" \n\t\t\t\tdata-wp-bind--aria-modal=\"state.ariaModal\"\n\t\t\t\tdata-wp-bind--aria-label=\"state.ariaLabel\"\n\t\t\t\tdata-wp-bind--role=\"state.roleAttribute\"\n\t\t\t>\n\t\t\t\t\t\t\t<button aria-label=\"Close menu\" class=\"wp-block-navigation__responsive-container-close\" \n\t\t\t\tdata-wp-on--click=\"actions.closeMenuOnClick\"\n\t\t\t><svg xmlns=\"http:\/\/www.w3.org\/2000\/svg\" viewbox=\"0 0 24 24\" width=\"24\" height=\"24\" aria-hidden=\"true\" focusable=\"false\"><path d=\"m13.06 12 6.47-6.47-1.06-1.06L12 10.94 5.53 4.47 4.47 5.53 10.94 12l-6.47 6.47 1.06 1.06L12 13.06l6.47 6.47 1.06-1.06L13.06 12Z\"><\/path><\/svg><\/button>\n\t\t\t\t\t\t\t<div class=\"wp-block-navigation__responsive-container-content\" \n\t\t\t\tdata-wp-watch=\"callbacks.focusFirstElement\"\n\t\t\t id=\"modal-2-content\">\n\t\t\t\t\t\t\t\t<ul class=\"wp-block-navigation__container is-responsive items-justified-right wp-block-navigation\"><li class=\"wp-block-navigation-item wp-block-navigation-link\"><a class=\"wp-block-navigation-item__content\"  href=\"https:\/\/mariuszwodzienstudio.pl\/en\/oferta\/\"><span class=\"wp-block-navigation-item__label\">Offer<\/span><\/a><\/li><li class=\"wp-block-navigation-item wp-block-navigation-link\"><a class=\"wp-block-navigation-item__content\"  href=\"https:\/\/mariuszwodzienstudio.pl\/en\/portfolio\/\"><span class=\"wp-block-navigation-item__label\">Portfolio<\/span><\/a><\/li><li class=\"wp-block-navigation-item wp-block-navigation-link\"><a class=\"wp-block-navigation-item__content\"  href=\"https:\/\/mariuszwodzienstudio.pl\/en\/187-2\/kontakt\/\"><span class=\"wp-block-navigation-item__label\">Contact<\/span><\/a><\/li><\/ul>\n\t\t\t\t\t\t\t<\/div>\n\t\t\t\t\t\t<\/div>\n\t\t\t\t\t<\/div>\n\t\t\t\t<\/div><\/nav><\/div>\n\n\n<style><\/style><style><\/style>\n<div class=\"wp-block-group alignfull has-dark-shade-background-color has-background is-layout-constrained wp-container-core-group-is-layout-9290d042 wp-block-group-is-layout-constrained\" style=\"margin-top:0;margin-bottom:0;padding-top:120px;padding-right:var(--wp--preset--spacing--40);padding-bottom:120px;padding-left:var(--wp--preset--spacing--40)\">\n<div class=\"wp-block-columns are-vertically-aligned-center is-layout-flex wp-container-core-columns-is-layout-4b571c4d wp-block-columns-is-layout-flex\" style=\"margin-top:0;margin-bottom:0\">\n<div class=\"wp-block-column is-vertically-aligned-center is-layout-flow wp-block-column-is-layout-flow\">\n<h1 class=\"wp-block-heading is-style-default has-meta-color-color has-text-color has-link-color has-xx-large-font-size wp-elements-5240de3ee4b980a55fe0d049aa6bd8ab\" id=\"studio\" style=\"margin-top:10px;margin-bottom:0;font-style:normal;font-weight:600;line-height:1.2\">Studio<\/h1>\n\n\n\n<p class=\"has-meta-color-color has-text-color has-link-color wp-elements-c175b712d99ab417225dabb360f3a051\">        delivers professional recordings to suit your needs. We handle simple as well as more complex assignments. We operate throughout the country and abroad. The Studio is based near Pozna\u0144.&nbsp;<\/p>\n\n\n\n<p class=\"has-meta-color-color has-text-color has-link-color wp-elements-20ba1b0a1f6293c7ceffecf061179bc8\">Product suggestions can be found under the Offer tab. However, if you require a different product, we are open to new challenges.&nbsp;<\/p>\n\n\n\n<div class=\"wp-block-buttons is-layout-flex wp-block-buttons-is-layout-flex\" style=\"margin-top:40px\">\n<div class=\"wp-block-button\"><a class=\"wp-block-button__link has-primary-shade-2-background-color has-background wp-element-button\" href=\"https:\/\/mariuszwodzienstudio.pl\/en\/kontakt\/\">Contact form<\/a><\/div>\n<\/div>\n<\/div>\n\n\n\n<div class=\"wp-block-column is-vertically-aligned-center is-layout-flow wp-block-column-is-layout-flow\"><\/div>\n<\/div>\n<\/div>\n\n\n<style><\/style><style><\/style>\n<div class=\"wp-block-group alignfull has-black-color-background-color has-background is-layout-constrained wp-container-core-group-is-layout-071e62c6 wp-block-group-is-layout-constrained\" style=\"padding-top:7rem;padding-right:var(--wp--preset--spacing--40);padding-bottom:7rem;padding-left:var(--wp--preset--spacing--40)\">\n<div class=\"wp-block-columns is-layout-flex wp-container-core-columns-is-layout-af1f094a wp-block-columns-is-layout-flex\" style=\"margin-top:0px\">\n<div class=\"wp-block-column is-layout-flow wp-block-column-is-layout-flow\">\n<div class=\"wp-block-group is-layout-constrained wp-container-core-group-is-layout-92b9201d wp-block-group-is-layout-constrained\">\n<figure class=\"wp-block-image aligncenter size-full is-resized wp-duotone-light-primary\"><img loading=\"lazy\" decoding=\"async\" width=\"512\" height=\"512\" src=\"https:\/\/mariuszwodzienstudio.pl\/wp-content\/uploads\/2025\/07\/professional-skills-icon.png\" alt=\"\" class=\"wp-image-81\" style=\"object-fit:cover;width:60px;height:60px\" srcset=\"https:\/\/mariuszwodzienstudio.pl\/wp-content\/uploads\/2025\/07\/professional-skills-icon.png 512w, https:\/\/mariuszwodzienstudio.pl\/wp-content\/uploads\/2025\/07\/professional-skills-icon-300x300.png 300w, https:\/\/mariuszwodzienstudio.pl\/wp-content\/uploads\/2025\/07\/professional-skills-icon-150x150.png 150w\" sizes=\"auto, (max-width: 512px) 100vw, 512px\" \/><\/figure>\n\n\n\n<h4 class=\"wp-block-heading has-text-align-center has-primary-shade-one-color has-text-color has-link-color has-big-font-size wp-elements-bdcbdd9f4bc39b01a5321a29e5d4ec0d\" id=\"scalability-flexibility-4\" style=\"margin-top:28px\">Professionalism<\/h4>\n\n\n\n<p class=\"has-text-align-center has-foreground-alt-color has-text-color has-link-color wp-elements-980d5ad0cb57acf4ceb081d1137a744a\"><\/p>\n<\/div>\n<\/div>\n\n\n\n<div class=\"wp-block-column is-layout-flow wp-block-column-is-layout-flow\">\n<div class=\"wp-block-group is-layout-constrained wp-container-core-group-is-layout-92b9201d wp-block-group-is-layout-constrained\">\n<figure class=\"wp-block-image aligncenter size-full is-resized wp-duotone-light-primary\"><img loading=\"lazy\" decoding=\"async\" width=\"512\" height=\"512\" src=\"https:\/\/mariuszwodzienstudio.pl\/wp-content\/uploads\/2025\/07\/business-partner-icon.png\" alt=\"\" class=\"wp-image-82\" style=\"object-fit:cover;width:60px;height:60px\" srcset=\"https:\/\/mariuszwodzienstudio.pl\/wp-content\/uploads\/2025\/07\/business-partner-icon.png 512w, https:\/\/mariuszwodzienstudio.pl\/wp-content\/uploads\/2025\/07\/business-partner-icon-300x300.png 300w, https:\/\/mariuszwodzienstudio.pl\/wp-content\/uploads\/2025\/07\/business-partner-icon-150x150.png 150w\" sizes=\"auto, (max-width: 512px) 100vw, 512px\" \/><\/figure>\n\n\n\n<h4 class=\"wp-block-heading has-text-align-center has-primary-shade-one-color has-text-color has-link-color has-big-font-size wp-elements-d2d80e8d7f399cf55f756fa45c383908\" id=\"smart-alerts-notifications-4\" style=\"margin-top:28px\">Individualism<\/h4>\n\n\n\n<p class=\"has-text-align-center has-foreground-alt-color has-text-color has-link-color wp-elements-980d5ad0cb57acf4ceb081d1137a744a\"><\/p>\n<\/div>\n<\/div>\n\n\n\n<div class=\"wp-block-column is-layout-flow wp-block-column-is-layout-flow\">\n<div class=\"wp-block-group is-layout-constrained wp-container-core-group-is-layout-92b9201d wp-block-group-is-layout-constrained\">\n<div class=\"wp-block-group is-content-justification-center is-nowrap is-layout-flex wp-container-core-group-is-layout-23441af8 wp-block-group-is-layout-flex\">\n<figure class=\"wp-block-image aligncenter size-full is-resized wp-duotone-light-primary\"><img loading=\"lazy\" decoding=\"async\" width=\"512\" height=\"512\" src=\"http:\/\/mariuszwodzienstudio.pl\/wp-content\/uploads\/2025\/07\/design-thinking-logic-icon.png\" alt=\"kreatywno\u015b\u0107 w Mariusz Wodzie\u0144 studio\" class=\"wp-image-80\" style=\"aspect-ratio:1;object-fit:cover;width:60px;height:auto\" srcset=\"https:\/\/mariuszwodzienstudio.pl\/wp-content\/uploads\/2025\/07\/design-thinking-logic-icon.png 512w, https:\/\/mariuszwodzienstudio.pl\/wp-content\/uploads\/2025\/07\/design-thinking-logic-icon-300x300.png 300w, https:\/\/mariuszwodzienstudio.pl\/wp-content\/uploads\/2025\/07\/design-thinking-logic-icon-150x150.png 150w\" sizes=\"auto, (max-width: 512px) 100vw, 512px\" \/><\/figure>\n<\/div>\n\n\n\n<h4 class=\"wp-block-heading has-text-align-center has-primary-shade-one-color has-text-color has-link-color has-big-font-size wp-elements-1c1831dd3ac302f254822ed4b47833a7\" id=\"seamless-integration-4\" style=\"margin-top:28px\">Creativity<\/h4>\n\n\n\n<p class=\"has-text-align-center has-foreground-alt-color has-text-color has-link-color wp-elements-980d5ad0cb57acf4ceb081d1137a744a\"><\/p>\n<\/div>\n<\/div>\n\n\n\n<div class=\"wp-block-column is-layout-flow wp-block-column-is-layout-flow\">\n<div class=\"wp-block-group is-layout-constrained wp-container-core-group-is-layout-92b9201d wp-block-group-is-layout-constrained\">\n<figure class=\"wp-block-image aligncenter size-full is-resized wp-duotone-light-primary\"><img loading=\"lazy\" decoding=\"async\" width=\"512\" height=\"512\" src=\"https:\/\/mariuszwodzienstudio.pl\/wp-content\/uploads\/2025\/07\/camera-aperture-icon.png\" alt=\"\" class=\"wp-image-84\" style=\"object-fit:cover;width:60px;height:60px\" srcset=\"https:\/\/mariuszwodzienstudio.pl\/wp-content\/uploads\/2025\/07\/camera-aperture-icon.png 512w, https:\/\/mariuszwodzienstudio.pl\/wp-content\/uploads\/2025\/07\/camera-aperture-icon-300x300.png 300w, https:\/\/mariuszwodzienstudio.pl\/wp-content\/uploads\/2025\/07\/camera-aperture-icon-150x150.png 150w\" sizes=\"auto, (max-width: 512px) 100vw, 512px\" \/><\/figure>\n\n\n\n<h4 class=\"wp-block-heading has-text-align-center has-primary-shade-one-color has-text-color has-link-color has-big-font-size wp-elements-8682ed77a2be7f57de67643cbe72d386\" id=\"workflow-automation-4\" style=\"margin-top:28px\">Art<\/h4>\n\n\n\n<p class=\"has-text-align-center has-foreground-alt-color has-text-color has-link-color wp-elements-980d5ad0cb57acf4ceb081d1137a744a\"><\/p>\n<\/div>\n<\/div>\n<\/div>\n<\/div>\n\n\n<style><\/style><style><\/style>\n<div class=\"wp-block-group alignfull is-layout-constrained wp-container-core-group-is-layout-38305f5e wp-block-group-is-layout-constrained\" style=\"margin-top:0;margin-bottom:0;padding-top:80px;padding-right:var(--wp--preset--spacing--40);padding-bottom:80px;padding-left:var(--wp--preset--spacing--40)\">\n<div class=\"wp-block-columns is-layout-flex wp-container-core-columns-is-layout-54152f36 wp-block-columns-is-layout-flex\" style=\"margin-top:0px\">\n<div class=\"wp-block-column is-vertically-aligned-center is-layout-flow wp-block-column-is-layout-flow\" style=\"border-style:none;border-width:0px;flex-basis:30%\">\n<div class=\"wp-block-group is-nowrap is-layout-flex wp-container-core-group-is-layout-fc054d2d wp-block-group-is-layout-flex\">\n<figure class=\"wp-block-image alignleft size-full is-resized\"><img decoding=\"async\" src=\"https:\/\/mariuszwodzienstudio.pl\/wp-content\/themes\/saaslauncher\/assets\/images\/saaslauncher.png\" alt=\"\" class=\"wp-image-1939\" style=\"aspect-ratio:1;object-fit:cover;width:45px;height:auto\"\/><\/figure>\n\n\n<h3 style=\"font-size:clamp(27.894px, 1.743rem + ((1vw - 3.2px) * 1.226), 48px);font-style:normal;font-weight:800;\" class=\"has-text-align-center has-link-color wp-elements-330eb249d91aa44e4ecd536e48813d3a wp-block-site-title\"><a href=\"https:\/\/mariuszwodzienstudio.pl\/en\" target=\"_self\" rel=\"home\">Mariusz Wodzie\u0144 Studio<\/a><\/h3><\/div>\n<\/div>\n\n\n\n<div class=\"wp-block-column saaslauncher-footer-list is-layout-flow wp-block-column-is-layout-flow\" style=\"flex-basis:36%\">\n<h3 class=\"wp-block-heading has-light-color-color has-text-color has-link-color has-large-font-size wp-elements-314bd30d5effcf54fca8f67ca0314d4e\" id=\"kontakt\" style=\"font-style:normal;font-weight:400;text-transform:none\">Contact<\/h3>\n\n\n\n<p class=\"has-custom-color-4-color has-text-color has-link-color wp-elements-b4fd7e6e7199fa40bd5b4a0abb4b3626\">Mariusz Wodzie\u0144 <\/p>\n\n\n\n<p class=\"has-arsenal-font-family\" style=\"font-size:clamp(0.875em, 0.875rem + ((1vw - 0.2em) * 0.22), 1.1em);\">kontakt@mariuszwodzienstudio.pl <\/p>\n\n\n\n<p class=\"has-arsenal-font-family\" style=\"font-size:clamp(0.875em, 0.875rem + ((1vw - 0.2em) * 0.22), 1.1em);\">wspolpraca@mariuszwodzienstudio.pl<\/p>\n\n\n\n<p style=\"font-size:clamp(0.875rem, 0.875rem + ((1vw - 0.2rem) * 0.22), 1.1rem);\">Tel: 691 182 774<\/p>\n<\/div>\n\n\n\n<div class=\"wp-block-column is-vertically-aligned-center saaslauncher-footer-list is-layout-flow wp-block-column-is-layout-flow\">\n<h3 class=\"wp-block-heading has-light-color-color has-text-color has-link-color has-medium-font-size wp-elements-0910d40dab0611a3bf22d9f1b17cc449\" id=\"przydatne-linki\" style=\"font-style:normal;font-weight:400;text-transform:none\">Useful links<\/h3>\n\n\n\n<p style=\"font-size:0.7rem\">Privacy policy<\/p>\n\n\n\n<p style=\"font-size:0.7rem\">Og\u00f3lne warunki wsp\u00f3\u0142pracy<\/p>\n<\/div>\n<\/div>\n<\/div>","protected":false},"excerpt":{"rendered":"","protected":false},"author":1,"featured_media":0,"parent":0,"menu_order":0,"comment_status":"closed","ping_status":"closed","template":"","meta":{"_gspb_post_css":"","footnotes":""},"class_list":["post-187","page","type-page","status-publish","hentry"],"aioseo_notices":[],"_links":{"self":[{"href":"https:\/\/mariuszwodzienstudio.pl\/en\/wp-json\/wp\/v2\/pages\/187","targetHints":{"allow":["GET"]}}],"collection":[{"href":"https:\/\/mariuszwodzienstudio.pl\/en\/wp-json\/wp\/v2\/pages"}],"about":[{"href":"https:\/\/mariuszwodzienstudio.pl\/en\/wp-json\/wp\/v2\/types\/page"}],"author":[{"embeddable":true,"href":"https:\/\/mariuszwodzienstudio.pl\/en\/wp-json\/wp\/v2\/users\/1"}],"replies":[{"embeddable":true,"href":"https:\/\/mariuszwodzienstudio.pl\/en\/wp-json\/wp\/v2\/comments?post=187"}],"version-history":[{"count":0,"href":"https:\/\/mariuszwodzienstudio.pl\/en\/wp-json\/wp\/v2\/pages\/187\/revisions"}],"wp:attachment":[{"href":"https:\/\/mariuszwodzienstudio.pl\/en\/wp-json\/wp\/v2\/media?parent=187"}],"curies":[{"name":"wp","href":"https:\/\/api.w.org\/{rel}","templated":true}]}}